{"id":316,"date":"2025-11-14T14:58:03","date_gmt":"2025-11-14T13:58:03","guid":{"rendered":"https:\/\/wszystkoogruntach.pl\/?page_id=316"},"modified":"2026-03-13T09:41:46","modified_gmt":"2026-03-13T08:41:46","slug":"prawo-dla-gruntow","status":"publish","type":"page","link":"https:\/\/wszystkoogruntach.pl\/index.php\/prawo-dla-gruntow\/","title":{"rendered":"prawo dla grunt\u00f3w"},"content":{"rendered":"\t\t<div data-elementor-type=\"wp-page\" data-elementor-id=\"316\" class=\"elementor elementor-316\">\n\t\t\t\t<div class=\"elementor-element elementor-element-0315514 e-flex e-con-boxed wpr-particle-no wpr-sticky-section-no e-con e-parent\" data-id=\"0315514\" data-element_type=\"container\">\n\t\t\t\t\t<div class=\"e-con-inner\">\n\t\t\t\t<div class=\"elementor-element elementor-element-256789a elementor-widget__width-initial elementor-widget elementor-widget-heading\" data-id=\"256789a\" data-element_type=\"widget\" data-widget_type=\"heading.default\">\n\t\t\t\t\t<h2 class=\"elementor-heading-title elementor-size-default\">Prawo dla grunt\u00f3w<\/h2>\t\t\t\t<\/div>\n\t\t\t\t<div class=\"elementor-element elementor-element-20893e0 elementor-widget__width-initial wpr-search-form-style-inner wpr-search-form-position-right elementor-widget elementor-widget-wpr-search\" data-id=\"20893e0\" data-element_type=\"widget\" data-widget_type=\"wpr-search.default\">\n\t\t\t\t\t\n\t\t<form role=\"search\" method=\"get\" class=\"wpr-search-form\" action=\"https:\/\/wszystkoogruntach.pl\">\n\n\t\t\t<div class=\"wpr-search-form-input-wrap elementor-clearfix\">\n\t\t\t\t<input class=\"wpr-search-form-input\" placeholder=\"Wyszukaj to, co Ci\u0119 interesuje...\" aria-label=\"Search\" type=\"search\" name=\"s\" title=\"Search\" value=\"\" wpr-query-type=\"all\" wpr-taxonomy-type=\"\" number-of-results=\"2\" ajax-search=\"\" meta-query=\"\" show-description=\"yes\" number-of-words=\"30\" show-ajax-thumbnails=\"\" show-view-result-btn=\"\" show-product-price=\"no\" view-result-text=\"View Results\" no-results=\"No Results Found\" exclude-without-thumb=\"\" link-target=\"_self\" password-protected=\"no\" attachments=\"no\">\n\t\t\t\t\n\t\t<button class=\"wpr-search-form-submit\" aria-label=\"Search\" type=\"submit\">\n\t\t\t\t\t\t\t<i class=\"fas fa-search\"><\/i>\n\t\t\t\t\t<\/button>\n\n\t\t\t\t\t<\/div>\n\n\t\t\t\t\t<\/form>\n\t\t<div class=\"wpr-data-fetch\">\n\t\t\t<span class=\"wpr-close-search\"><\/span>\n\t\t\t<ul><\/ul>\n\t\t\t\t\t<\/div>\n\t\t\n\t\t\t\t\t\t<\/div>\n\t\t\t\t\t<\/div>\n\t\t\t\t<\/div>\n\t\t<div class=\"elementor-element elementor-element-364d5c6 e-flex e-con-boxed wpr-particle-no wpr-sticky-section-no e-con e-parent\" data-id=\"364d5c6\" data-element_type=\"container\">\n\t\t\t\t\t<div class=\"e-con-inner\">\n\t\t\t\t<div class=\"elementor-element elementor-element-0f62e37 elementor-hidden-desktop elementor-hidden-tablet elementor-hidden-mobile elementor-widget elementor-widget-image\" data-id=\"0f62e37\" data-element_type=\"widget\" data-widget_type=\"image.default\">\n\t\t\t\t\t\t\t\t\t\t\t\t\t\t\t<img decoding=\"async\" src=\"https:\/\/wszystkoogruntach.pl\/wp-content\/uploads\/2025\/11\/Green-Dark-Gray-Minimalist-Business-Leaderboard-Ad-1.png\" title=\"\" alt=\"\" loading=\"lazy\" \/>\t\t\t\t\t\t\t\t\t\t\t\t\t\t\t<\/div>\n\t\t\t\t\t<\/div>\n\t\t\t\t<\/div>\n\t\t\t\t<section class=\"elementor-section elementor-top-section elementor-element elementor-element-50d2809 elementor-section-boxed elementor-section-height-default elementor-section-height-default wpr-particle-no wpr-sticky-section-no\" data-id=\"50d2809\" data-element_type=\"section\">\n\t\t\t\t\t\t<div class=\"elementor-container elementor-column-gap-default\">\n\t\t\t\t\t<div class=\"elementor-column elementor-col-100 elementor-top-column elementor-element elementor-element-44155b1\" data-id=\"44155b1\" data-element_type=\"column\">\n\t\t\t<div class=\"elementor-widget-wrap elementor-element-populated\">\n\t\t\t\t\t\t<div class=\"elementor-element elementor-element-35abe62 wpr-grid-columns-3 wpr-grid-pagination-justify wpr-grid-columns--tablet2 wpr-grid-columns--mobile1 wpr-item-styles-inner elementor-widget elementor-widget-wpr-grid\" data-id=\"35abe62\" data-element_type=\"widget\" data-widget_type=\"wpr-grid.default\">\n\t\t\t\t\t<ul class=\"wpr-grid-filters elementor-clearfix wpr-grid-filters-sep-right\"><\/ul><section class=\"wpr-grid elementor-clearfix\" data-settings=\"{&quot;layout&quot;:&quot;fitRows&quot;,&quot;stick_last_element_to_bottom&quot;:&quot;&quot;,&quot;columns_desktop&quot;:&quot;3&quot;,&quot;gutter_hr&quot;:30,&quot;gutter_hr_mobile&quot;:30,&quot;gutter_hr_mobile_extra&quot;:30,&quot;gutter_hr_tablet&quot;:30,&quot;gutter_hr_tablet_extra&quot;:30,&quot;gutter_hr_laptop&quot;:30,&quot;gutter_hr_widescreen&quot;:30,&quot;gutter_vr&quot;:30,&quot;gutter_vr_mobile&quot;:30,&quot;gutter_vr_mobile_extra&quot;:30,&quot;gutter_vr_tablet&quot;:30,&quot;gutter_vr_tablet_extra&quot;:30,&quot;gutter_vr_laptop&quot;:30,&quot;gutter_vr_widescreen&quot;:30,&quot;animation&quot;:&quot;default&quot;,&quot;animation_duration&quot;:0.3,&quot;animation_delay&quot;:0.1,&quot;deeplinking&quot;:&quot;&quot;,&quot;filters_linkable&quot;:&quot;no&quot;,&quot;filters_default_filter&quot;:&quot;&quot;,&quot;filters_count&quot;:&quot;&quot;,&quot;filters_hide_empty&quot;:&quot;no&quot;,&quot;filters_animation&quot;:&quot;default&quot;,&quot;filters_animation_duration&quot;:0.3,&quot;filters_animation_delay&quot;:0.1,&quot;pagination_type&quot;:&quot;load-more&quot;,&quot;pagination_max_pages&quot;:33,&quot;lightbox&quot;:{&quot;selector&quot;:&quot;.wpr-grid-image-wrap&quot;,&quot;iframeMaxWidth&quot;:&quot;60%&quot;,&quot;hash&quot;:false,&quot;autoplay&quot;:&quot;true&quot;,&quot;pause&quot;:5000,&quot;progressBar&quot;:&quot;true&quot;,&quot;counter&quot;:&quot;true&quot;,&quot;controls&quot;:&quot;true&quot;,&quot;getCaptionFromTitleOrAlt&quot;:&quot;true&quot;,&quot;thumbnail&quot;:&quot;&quot;,&quot;showThumbByDefault&quot;:&quot;&quot;,&quot;share&quot;:&quot;&quot;,&quot;zoom&quot;:&quot;true&quot;,&quot;fullScreen&quot;:&quot;true&quot;,&quot;download&quot;:&quot;&quot;}}\" data-advanced-filters=\"no\"><article class=\"wpr-grid-item elementor-clearfix post-2267 post type-post status-publish format-standard has-post-thumbnail hentry category-prawo-dla-gruntow\"><div class=\"wpr-grid-item-inner\"><div class=\"wpr-grid-media-wrap wpr-effect-size-medium \" data-overlay-link=\"yes\"><div class=\"wpr-grid-image-wrap\" data-src=\"https:\/\/wszystkoogruntach.pl\/wp-content\/uploads\/2026\/04\/13.png\" data-img-on-hover=\"\"  data-src-secondary=\"\"><img decoding=\"async\" data-no-lazy=\"1\" src=\"https:\/\/wszystkoogruntach.pl\/wp-content\/uploads\/2026\/04\/13.png\" alt=\"Czy mo\u017cna sprzeda\u0107 dzia\u0142k\u0119 bez dost\u0119pu do drogi?\" class=\"wpr-anim-timing-ease-default\"><\/div><div class=\"wpr-grid-media-hover wpr-animation-wrap\"><div class=\"wpr-grid-media-hover-bg  wpr-overlay-fade-in wpr-anim-size-large wpr-anim-timing-ease-default wpr-anim-transparency\" data-url=\"https:\/\/wszystkoogruntach.pl\/index.php\/2026\/04\/14\/czy-mozna-sprzedac-dzialke-bez-dostepu-do-drogi\/\"><\/div><\/div><\/div><div class=\"wpr-grid-item-below-content elementor-clearfix\"><h2 class=\"wpr-grid-item-title elementor-repeater-item-d3e1031 wpr-grid-item-display-block wpr-grid-item-align-left wpr-pointer-none wpr-pointer-line-fx wpr-pointer-fx-fade\"><div class=\"inner-block\"><a target=\"_self\"  href=\"https:\/\/wszystkoogruntach.pl\/index.php\/2026\/04\/14\/czy-mozna-sprzedac-dzialke-bez-dostepu-do-drogi\/\">Czy mo\u017cna sprzeda\u0107 dzia\u0142k\u0119 bez dost\u0119pu do drogi?<\/a><\/div><\/h2><div class=\"wpr-grid-item-date elementor-repeater-item-08c5ad7 wpr-grid-item-display-inline wpr-grid-item-align-left\"><div class=\"inner-block\"><span>2026-04-14<span class=\"wpr-grid-extra-text-right\">\/<\/span><\/span><\/div><\/div><div class=\"wpr-grid-item-category elementor-repeater-item-0de4076 wpr-grid-item-display-block wpr-grid-item-align-left wpr-pointer-none wpr-pointer-line-fx wpr-pointer-fx-fade wpr-grid-tax-style-1\"><div class=\"inner-block\"><a class=\" wpr-tax-id-5\" href=\"https:\/\/wszystkoogruntach.pl\/index.php\/category\/prawo-dla-gruntow\/\">prawo dla grunt\u00f3w<\/a><\/div><\/div><div class=\"wpr-grid-item-excerpt elementor-repeater-item-82a8a5b wpr-grid-item-display-block wpr-grid-item-align-left\"><div class=\"inner-block\"><p>Brak miejscowego planu zagospodarowania przestrzennego nie oznacza automatycznie, \u017ce dzia\u0142ka jest bezu\u017cyteczna. W wielu przypadkach kluczow\u0105 rol\u0119 odgrywa wtedy decyzja o warunkach zabudowy. Sprawd\u017a, co to...<\/p><\/div><\/div><div class=\"wpr-grid-item-read-more elementor-repeater-item-f476104 wpr-grid-item-display-block wpr-grid-item-align-left\"><div class=\"inner-block\"><a target=\"_self\" href=\"https:\/\/wszystkoogruntach.pl\/index.php\/2026\/04\/14\/czy-mozna-sprzedac-dzialke-bez-dostepu-do-drogi\/\" class=\"wpr-button-effect wpr-button-none\"><span>Czytaj dalej...<\/span><\/a><\/div><\/div><\/div><\/div><\/article><article class=\"wpr-grid-item elementor-clearfix post-2239 post type-post status-publish format-standard has-post-thumbnail hentry category-prawo-dla-gruntow\"><div class=\"wpr-grid-item-inner\"><div class=\"wpr-grid-media-wrap wpr-effect-size-medium \" data-overlay-link=\"yes\"><div class=\"wpr-grid-image-wrap\" data-src=\"https:\/\/wszystkoogruntach.pl\/wp-content\/uploads\/2026\/04\/fundament_artykul_3.png\" data-img-on-hover=\"\"  data-src-secondary=\"\"><img decoding=\"async\" data-no-lazy=\"1\" src=\"https:\/\/wszystkoogruntach.pl\/wp-content\/uploads\/2026\/04\/fundament_artykul_3.png\" alt=\"Stan prawny i \u201eczysto\u015b\u0107\u201d nieruchomo\u015bci \u2013 fundament bezpiecze\u0144stwa i warto\u015bci dzia\u0142ki\" class=\"wpr-anim-timing-ease-default\"><\/div><div class=\"wpr-grid-media-hover wpr-animation-wrap\"><div class=\"wpr-grid-media-hover-bg  wpr-overlay-fade-in wpr-anim-size-large wpr-anim-timing-ease-default wpr-anim-transparency\" data-url=\"https:\/\/wszystkoogruntach.pl\/index.php\/2026\/04\/03\/stan-prawny-i-czystosc-nieruchomosci-fundament-bezpieczenstwa-i-wartosci-dzialki\/\"><\/div><\/div><\/div><div class=\"wpr-grid-item-below-content elementor-clearfix\"><h2 class=\"wpr-grid-item-title elementor-repeater-item-d3e1031 wpr-grid-item-display-block wpr-grid-item-align-left wpr-pointer-none wpr-pointer-line-fx wpr-pointer-fx-fade\"><div class=\"inner-block\"><a target=\"_self\"  href=\"https:\/\/wszystkoogruntach.pl\/index.php\/2026\/04\/03\/stan-prawny-i-czystosc-nieruchomosci-fundament-bezpieczenstwa-i-wartosci-dzialki\/\">Stan prawny i \u201eczysto\u015b\u0107\u201d nieruchomo\u015bci \u2013 fundament bezpiecze\u0144stwa i warto\u015bci dzia\u0142ki<\/a><\/div><\/h2><div class=\"wpr-grid-item-date elementor-repeater-item-08c5ad7 wpr-grid-item-display-inline wpr-grid-item-align-left\"><div class=\"inner-block\"><span>2026-04-03<span class=\"wpr-grid-extra-text-right\">\/<\/span><\/span><\/div><\/div><div class=\"wpr-grid-item-category elementor-repeater-item-0de4076 wpr-grid-item-display-block wpr-grid-item-align-left wpr-pointer-none wpr-pointer-line-fx wpr-pointer-fx-fade wpr-grid-tax-style-1\"><div class=\"inner-block\"><a class=\" wpr-tax-id-5\" href=\"https:\/\/wszystkoogruntach.pl\/index.php\/category\/prawo-dla-gruntow\/\">prawo dla grunt\u00f3w<\/a><\/div><\/div><div class=\"wpr-grid-item-excerpt elementor-repeater-item-82a8a5b wpr-grid-item-display-block wpr-grid-item-align-left\"><div class=\"inner-block\"><p>Brak miejscowego planu zagospodarowania przestrzennego nie oznacza automatycznie, \u017ce dzia\u0142ka jest bezu\u017cyteczna. W wielu przypadkach kluczow\u0105 rol\u0119 odgrywa wtedy decyzja o warunkach zabudowy. Sprawd\u017a, co to...<\/p><\/div><\/div><div class=\"wpr-grid-item-read-more elementor-repeater-item-f476104 wpr-grid-item-display-block wpr-grid-item-align-left\"><div class=\"inner-block\"><a target=\"_self\" href=\"https:\/\/wszystkoogruntach.pl\/index.php\/2026\/04\/03\/stan-prawny-i-czystosc-nieruchomosci-fundament-bezpieczenstwa-i-wartosci-dzialki\/\" class=\"wpr-button-effect wpr-button-none\"><span>Czytaj dalej...<\/span><\/a><\/div><\/div><\/div><\/div><\/article><article class=\"wpr-grid-item elementor-clearfix post-2201 post type-post status-publish format-standard has-post-thumbnail hentry category-prawo-dla-gruntow\"><div class=\"wpr-grid-item-inner\"><div class=\"wpr-grid-media-wrap wpr-effect-size-medium \" data-overlay-link=\"yes\"><div class=\"wpr-grid-image-wrap\" data-src=\"https:\/\/wszystkoogruntach.pl\/wp-content\/uploads\/2026\/03\/stowarzyszenie-2026-03-24T124147.094.png\" data-img-on-hover=\"\"  data-src-secondary=\"\"><img decoding=\"async\" data-no-lazy=\"1\" src=\"https:\/\/wszystkoogruntach.pl\/wp-content\/uploads\/2026\/03\/stowarzyszenie-2026-03-24T124147.094.png\" alt=\"Warunki zabudowy a dzia\u0142ka bez planu miejscowego \u2014 co to oznacza w praktyce\" class=\"wpr-anim-timing-ease-default\"><\/div><div class=\"wpr-grid-media-hover wpr-animation-wrap\"><div class=\"wpr-grid-media-hover-bg  wpr-overlay-fade-in wpr-anim-size-large wpr-anim-timing-ease-default wpr-anim-transparency\" data-url=\"https:\/\/wszystkoogruntach.pl\/index.php\/2026\/03\/24\/warunki-zabudowy-a-dzialka-bez-planu-miejscowego-co-to-oznacza-w-praktyce\/\"><\/div><\/div><\/div><div class=\"wpr-grid-item-below-content elementor-clearfix\"><h2 class=\"wpr-grid-item-title elementor-repeater-item-d3e1031 wpr-grid-item-display-block wpr-grid-item-align-left wpr-pointer-none wpr-pointer-line-fx wpr-pointer-fx-fade\"><div class=\"inner-block\"><a target=\"_self\"  href=\"https:\/\/wszystkoogruntach.pl\/index.php\/2026\/03\/24\/warunki-zabudowy-a-dzialka-bez-planu-miejscowego-co-to-oznacza-w-praktyce\/\">Warunki zabudowy a dzia\u0142ka bez planu miejscowego \u2014 co to oznacza w praktyce<\/a><\/div><\/h2><div class=\"wpr-grid-item-date elementor-repeater-item-08c5ad7 wpr-grid-item-display-inline wpr-grid-item-align-left\"><div class=\"inner-block\"><span>2026-03-24<span class=\"wpr-grid-extra-text-right\">\/<\/span><\/span><\/div><\/div><div class=\"wpr-grid-item-category elementor-repeater-item-0de4076 wpr-grid-item-display-block wpr-grid-item-align-left wpr-pointer-none wpr-pointer-line-fx wpr-pointer-fx-fade wpr-grid-tax-style-1\"><div class=\"inner-block\"><a class=\" wpr-tax-id-5\" href=\"https:\/\/wszystkoogruntach.pl\/index.php\/category\/prawo-dla-gruntow\/\">prawo dla grunt\u00f3w<\/a><\/div><\/div><div class=\"wpr-grid-item-excerpt elementor-repeater-item-82a8a5b wpr-grid-item-display-block wpr-grid-item-align-left\"><div class=\"inner-block\"><p>Brak miejscowego planu zagospodarowania przestrzennego nie oznacza automatycznie, \u017ce dzia\u0142ka jest bezu\u017cyteczna. W wielu przypadkach kluczow\u0105 rol\u0119 odgrywa wtedy decyzja o warunkach zabudowy. Sprawd\u017a, co to...<\/p><\/div><\/div><div class=\"wpr-grid-item-read-more elementor-repeater-item-f476104 wpr-grid-item-display-block wpr-grid-item-align-left\"><div class=\"inner-block\"><a target=\"_self\" href=\"https:\/\/wszystkoogruntach.pl\/index.php\/2026\/03\/24\/warunki-zabudowy-a-dzialka-bez-planu-miejscowego-co-to-oznacza-w-praktyce\/\" class=\"wpr-button-effect wpr-button-none\"><span>Czytaj dalej...<\/span><\/a><\/div><\/div><\/div><\/div><\/article><\/section><div class=\"wpr-grid-pagination elementor-clearfix wpr-grid-pagination-load-more\" data-pages=\"33\"><a href=\"https:\/\/wszystkoogruntach.pl\/index.php\/wp-json\/wp\/v2\/pages\/316\/page\/2\/\" class=\"wpr-load-more-btn\" data-e-disable-page-transition >Za\u0142aduj wi\u0119cej<\/a><div class=\"wpr-pagination-loading\"><div class=\"wpr-double-bounce\"><div class=\"wpr-child wpr-double-bounce1\"><\/div><div class=\"wpr-child wpr-double-bounce2\"><\/div><\/div><\/div><p class=\"wpr-pagination-finish\">Koniec.<\/p><\/div>\t\t\t\t<\/div>\n\t\t\t\t\t<\/div>\n\t\t<\/div>\n\t\t\t\t\t<\/div>\n\t\t<\/section>\n\t\t<div class=\"elementor-element elementor-element-33d6dd7 e-flex e-con-boxed wpr-particle-no wpr-sticky-section-no e-con e-parent\" data-id=\"33d6dd7\" data-element_type=\"container\">\n\t\t\t\t\t<div class=\"e-con-inner\">\n\t\t\t\t<div class=\"elementor-element elementor-element-2c29816 elementor-hidden-desktop elementor-hidden-tablet elementor-hidden-mobile elementor-widget elementor-widget-image\" data-id=\"2c29816\" data-element_type=\"widget\" data-widget_type=\"image.default\">\n\t\t\t\t\t\t\t\t\t\t\t\t\t\t\t<img decoding=\"async\" src=\"https:\/\/wszystkoogruntach.pl\/wp-content\/uploads\/2025\/11\/Green-Dark-Gray-Minimalist-Business-Leaderboard-Ad-1.png\" title=\"\" alt=\"\" loading=\"lazy\" \/>\t\t\t\t\t\t\t\t\t\t\t\t\t\t\t<\/div>\n\t\t\t\t\t<\/div>\n\t\t\t\t<\/div>\n\t\t\t\t<\/div>\n\t\t","protected":false},"excerpt":{"rendered":"<p>Prawo dla grunt\u00f3w More than 2 results are available in the PRO version (This notice is only visible to admin users) S\u0142u\u017cebno\u015b\u0107 \u2013 kiedy cudze prawo wchodzi na Twoj\u0105 dzia\u0142k\u0119 2026-02-24\/prawo dla grunt\u00f3w S\u0142u\u017cebno\u015b\u0107 \u2013 kiedy cudze prawo wchodzi na Twoj\u0105 dzia\u0142k\u0119 S\u0142u\u017cebno\u015b\u0107 to jedno z tych poj\u0119\u0107, kt\u00f3re w obrocie nieruchomo\u015bciami pojawia si\u0119 bardzo cz\u0119sto, ale rzadko jest&#8230; Czytaj dalej&#8230; Hipoteka \u2013 obci\u0105\u017cenie, kt\u00f3re mo\u017ce decydowa\u0107 o bezpiecze\u0144stwie ca\u0142ej transakcji 2026-02-24\/prawo dla grunt\u00f3w Hipoteka \u2013 obci\u0105\u017cenie, kt\u00f3re mo\u017ce decydowa\u0107 o bezpiecze\u0144stwie ca\u0142ej transakcji Hipoteka to jedno z najwa\u017cniejszych obci\u0105\u017ce\u0144, jakie mo\u017ce dotyczy\u0107 nieruchomo\u015bci. W praktyce jest to narz\u0119dzie zabezpieczenia&#8230; Czytaj dalej&#8230; Zasiedzenie \u2013 jak mo\u017cna sta\u0107 si\u0119 w\u0142a\u015bcicielem nieruchomo\u015bci bez umowy i aktu notarialnego\u00a0 2026-02-23\/prawo dla grunt\u00f3w Zasiedzenie \u2013 jak mo\u017cna sta\u0107 si\u0119 w\u0142a\u015bcicielem nieruchomo\u015bci bez umowy i aktu notarialnego Zasiedzenie to jedna z najbardziej specyficznych instytucji prawa nieruchomo\u015bci. Dla jednych jest szans\u0105&#8230; Czytaj dalej&#8230; Za\u0142aduj wi\u0119cej Koniec.<\/p>\n","protected":false},"author":2,"featured_media":0,"parent":0,"menu_order":0,"comment_status":"closed","ping_status":"closed","template":"","meta":{"site-sidebar-layout":"no-sidebar","site-content-layout":"","ast-site-content-layout":"full-width-container","site-content-style":"default","site-sidebar-style":"default","ast-global-header-display":"","ast-banner-title-visibility":"","ast-main-header-display":"","ast-hfb-above-header-display":"","ast-hfb-below-header-display":"","ast-hfb-mobile-header-display":"","site-post-title":"disabled","ast-breadcrumbs-content":"","ast-featured-img":"disabled","footer-sml-layout":"","ast-disable-related-posts":"","theme-transparent-header-meta":"","adv-header-id-meta":"","stick-header-meta":"","header-above-stick-meta":"","header-main-stick-meta":"","header-below-stick-meta":"","astra-migrate-meta-layouts":"default","ast-page-background-enabled":"default","ast-page-background-meta":{"desktop":{"background-color":"var(--ast-global-color-5)","background-image":"","background-repeat":"repeat","background-position":"center center","background-size":"auto","background-attachment":"scroll","background-type":"","background-media":"","overlay-type":"","overlay-color":"","overlay-opacity":"","overlay-gradient":""},"tablet":{"background-color":"","background-image":"","background-repeat":"repeat","background-position":"center center","background-size":"auto","background-attachment":"scroll","background-type":"","background-media":"","overlay-type":"","overlay-color":"","overlay-opacity":"","overlay-gradient":""},"mobile":{"background-color":"","background-image":"","background-repeat":"repeat","background-position":"center center","background-size":"auto","background-attachment":"scroll","background-type":"","background-media":"","overlay-type":"","overlay-color":"","overlay-opacity":"","overlay-gradient":""}},"ast-content-background-meta":{"desktop":{"background-color":"var(--ast-global-color-4)","background-image":"","background-repeat":"repeat","background-position":"center center","background-size":"auto","background-attachment":"scroll","background-type":"","background-media":"","overlay-type":"","overlay-color":"","overlay-opacity":"","overlay-gradient":""},"tablet":{"background-color":"var(--ast-global-color-4)","background-image":"","background-repeat":"repeat","background-position":"center center","background-size":"auto","background-attachment":"scroll","background-type":"","background-media":"","overlay-type":"","overlay-color":"","overlay-opacity":"","overlay-gradient":""},"mobile":{"background-color":"var(--ast-global-color-4)","background-image":"","background-repeat":"repeat","background-position":"center center","background-size":"auto","background-attachment":"scroll","background-type":"","background-media":"","overlay-type":"","overlay-color":"","overlay-opacity":"","overlay-gradient":""}},"footnotes":""},"class_list":["post-316","page","type-page","status-publish","hentry"],"_links":{"self":[{"href":"https:\/\/wszystkoogruntach.pl\/index.php\/wp-json\/wp\/v2\/pages\/316","targetHints":{"allow":["GET"]}}],"collection":[{"href":"https:\/\/wszystkoogruntach.pl\/index.php\/wp-json\/wp\/v2\/pages"}],"about":[{"href":"https:\/\/wszystkoogruntach.pl\/index.php\/wp-json\/wp\/v2\/types\/page"}],"author":[{"embeddable":true,"href":"https:\/\/wszystkoogruntach.pl\/index.php\/wp-json\/wp\/v2\/users\/2"}],"replies":[{"embeddable":true,"href":"https:\/\/wszystkoogruntach.pl\/index.php\/wp-json\/wp\/v2\/comments?post=316"}],"version-history":[{"count":21,"href":"https:\/\/wszystkoogruntach.pl\/index.php\/wp-json\/wp\/v2\/pages\/316\/revisions"}],"predecessor-version":[{"id":2166,"href":"https:\/\/wszystkoogruntach.pl\/index.php\/wp-json\/wp\/v2\/pages\/316\/revisions\/2166"}],"wp:attachment":[{"href":"https:\/\/wszystkoogruntach.pl\/index.php\/wp-json\/wp\/v2\/media?parent=316"}],"curies":[{"name":"wp","href":"https:\/\/api.w.org\/{rel}","templated":true}]}}