{"id":311,"date":"2025-11-14T14:56:56","date_gmt":"2025-11-14T13:56:56","guid":{"rendered":"https:\/\/wszystkoogruntach.pl\/?page_id=311"},"modified":"2026-03-13T09:39:54","modified_gmt":"2026-03-13T08:39:54","slug":"znalezione-w-sieci","status":"publish","type":"page","link":"https:\/\/wszystkoogruntach.pl\/index.php\/znalezione-w-sieci\/","title":{"rendered":"znalezione w sieci"},"content":{"rendered":"\t\t<div data-elementor-type=\"wp-page\" data-elementor-id=\"311\" class=\"elementor elementor-311\">\n\t\t\t\t<div class=\"elementor-element elementor-element-885fc93 e-flex e-con-boxed wpr-particle-no wpr-sticky-section-no e-con e-parent\" data-id=\"885fc93\" data-element_type=\"container\">\n\t\t\t\t\t<div class=\"e-con-inner\">\n\t\t\t\t<div class=\"elementor-element elementor-element-8f897cf elementor-widget__width-initial elementor-widget elementor-widget-heading\" data-id=\"8f897cf\" data-element_type=\"widget\" data-widget_type=\"heading.default\">\n\t\t\t\t\t<h2 class=\"elementor-heading-title elementor-size-default\">Znalezione w sieci<\/h2>\t\t\t\t<\/div>\n\t\t\t\t<div class=\"elementor-element elementor-element-9a97ea8 elementor-widget__width-initial wpr-search-form-style-inner wpr-search-form-position-right elementor-widget elementor-widget-wpr-search\" data-id=\"9a97ea8\" data-element_type=\"widget\" data-widget_type=\"wpr-search.default\">\n\t\t\t\t\t\n\t\t<form role=\"search\" method=\"get\" class=\"wpr-search-form\" action=\"https:\/\/wszystkoogruntach.pl\">\n\n\t\t\t<div class=\"wpr-search-form-input-wrap elementor-clearfix\">\n\t\t\t\t<input class=\"wpr-search-form-input\" placeholder=\"Wyszukaj to, co Ci\u0119 interesuje...\" aria-label=\"Search\" type=\"search\" name=\"s\" title=\"Search\" value=\"\" wpr-query-type=\"all\" wpr-taxonomy-type=\"\" number-of-results=\"2\" ajax-search=\"\" meta-query=\"\" show-description=\"yes\" number-of-words=\"30\" show-ajax-thumbnails=\"\" show-view-result-btn=\"\" show-product-price=\"no\" view-result-text=\"View Results\" no-results=\"No Results Found\" exclude-without-thumb=\"\" link-target=\"_self\" password-protected=\"no\" attachments=\"no\">\n\t\t\t\t\n\t\t<button class=\"wpr-search-form-submit\" aria-label=\"Search\" type=\"submit\">\n\t\t\t\t\t\t\t<i class=\"fas fa-search\"><\/i>\n\t\t\t\t\t<\/button>\n\n\t\t\t\t\t<\/div>\n\n\t\t\t\t\t<\/form>\n\t\t<div class=\"wpr-data-fetch\">\n\t\t\t<span class=\"wpr-close-search\"><\/span>\n\t\t\t<ul><\/ul>\n\t\t\t\t\t<\/div>\n\t\t\n\t\t\t\t\t\t<\/div>\n\t\t\t\t\t<\/div>\n\t\t\t\t<\/div>\n\t\t<div class=\"elementor-element elementor-element-7cd9b4a e-flex e-con-boxed wpr-particle-no wpr-sticky-section-no e-con e-parent\" data-id=\"7cd9b4a\" data-element_type=\"container\">\n\t\t\t\t\t<div class=\"e-con-inner\">\n\t\t\t\t<div class=\"elementor-element elementor-element-735b357 elementor-hidden-desktop elementor-hidden-tablet elementor-hidden-mobile elementor-widget elementor-widget-image\" data-id=\"735b357\" data-element_type=\"widget\" data-widget_type=\"image.default\">\n\t\t\t\t\t\t\t\t\t\t\t\t\t\t\t<img decoding=\"async\" src=\"https:\/\/wszystkoogruntach.pl\/wp-content\/uploads\/2025\/11\/Green-Dark-Gray-Minimalist-Business-Leaderboard-Ad-1.png\" title=\"\" alt=\"\" loading=\"lazy\" \/>\t\t\t\t\t\t\t\t\t\t\t\t\t\t\t<\/div>\n\t\t\t\t\t<\/div>\n\t\t\t\t<\/div>\n\t\t\t\t<section class=\"elementor-section elementor-top-section elementor-element elementor-element-50d2809 elementor-section-boxed elementor-section-height-default elementor-section-height-default wpr-particle-no wpr-sticky-section-no\" data-id=\"50d2809\" data-element_type=\"section\">\n\t\t\t\t\t\t<div class=\"elementor-container elementor-column-gap-default\">\n\t\t\t\t\t<div class=\"elementor-column elementor-col-100 elementor-top-column elementor-element elementor-element-44155b1\" data-id=\"44155b1\" data-element_type=\"column\">\n\t\t\t<div class=\"elementor-widget-wrap elementor-element-populated\">\n\t\t\t\t\t\t<div class=\"elementor-element elementor-element-35abe62 wpr-grid-columns-3 wpr-grid-pagination-justify wpr-grid-columns--tablet2 wpr-grid-columns--mobile1 wpr-item-styles-inner elementor-widget elementor-widget-wpr-grid\" data-id=\"35abe62\" data-element_type=\"widget\" data-widget_type=\"wpr-grid.default\">\n\t\t\t\t\t<ul class=\"wpr-grid-filters elementor-clearfix wpr-grid-filters-sep-right\"><\/ul><section class=\"wpr-grid elementor-clearfix\" data-settings=\"{&quot;layout&quot;:&quot;fitRows&quot;,&quot;stick_last_element_to_bottom&quot;:&quot;&quot;,&quot;columns_desktop&quot;:&quot;3&quot;,&quot;gutter_hr&quot;:30,&quot;gutter_hr_mobile&quot;:30,&quot;gutter_hr_mobile_extra&quot;:30,&quot;gutter_hr_tablet&quot;:30,&quot;gutter_hr_tablet_extra&quot;:30,&quot;gutter_hr_laptop&quot;:30,&quot;gutter_hr_widescreen&quot;:30,&quot;gutter_vr&quot;:30,&quot;gutter_vr_mobile&quot;:30,&quot;gutter_vr_mobile_extra&quot;:30,&quot;gutter_vr_tablet&quot;:30,&quot;gutter_vr_tablet_extra&quot;:30,&quot;gutter_vr_laptop&quot;:30,&quot;gutter_vr_widescreen&quot;:30,&quot;animation&quot;:&quot;default&quot;,&quot;animation_duration&quot;:0.3,&quot;animation_delay&quot;:0.1,&quot;deeplinking&quot;:&quot;&quot;,&quot;filters_linkable&quot;:&quot;no&quot;,&quot;filters_default_filter&quot;:&quot;&quot;,&quot;filters_count&quot;:&quot;&quot;,&quot;filters_hide_empty&quot;:&quot;no&quot;,&quot;filters_animation&quot;:&quot;default&quot;,&quot;filters_animation_duration&quot;:0.3,&quot;filters_animation_delay&quot;:0.1,&quot;pagination_type&quot;:&quot;load-more&quot;,&quot;pagination_max_pages&quot;:6,&quot;lightbox&quot;:{&quot;selector&quot;:&quot;.wpr-grid-image-wrap&quot;,&quot;iframeMaxWidth&quot;:&quot;60%&quot;,&quot;hash&quot;:false,&quot;autoplay&quot;:&quot;true&quot;,&quot;pause&quot;:5000,&quot;progressBar&quot;:&quot;true&quot;,&quot;counter&quot;:&quot;true&quot;,&quot;controls&quot;:&quot;true&quot;,&quot;getCaptionFromTitleOrAlt&quot;:&quot;true&quot;,&quot;thumbnail&quot;:&quot;&quot;,&quot;showThumbByDefault&quot;:&quot;&quot;,&quot;share&quot;:&quot;&quot;,&quot;zoom&quot;:&quot;true&quot;,&quot;fullScreen&quot;:&quot;true&quot;,&quot;download&quot;:&quot;&quot;}}\" data-advanced-filters=\"no\"><article class=\"wpr-grid-item elementor-clearfix post-2257 post type-post status-publish format-standard has-post-thumbnail hentry category-znalezione-w-sieci\"><div class=\"wpr-grid-item-inner\"><div class=\"wpr-grid-media-wrap wpr-effect-size-medium \" data-overlay-link=\"yes\"><div class=\"wpr-grid-image-wrap\" data-src=\"https:\/\/wszystkoogruntach.pl\/wp-content\/uploads\/2026\/04\/stowarzyszenie-2026-04-10T135336.045.png\" data-img-on-hover=\"\"  data-src-secondary=\"\"><img decoding=\"async\" data-no-lazy=\"1\" src=\"https:\/\/wszystkoogruntach.pl\/wp-content\/uploads\/2026\/04\/stowarzyszenie-2026-04-10T135336.045.png\" alt=\"Rynek grunt\u00f3w budowlanych w fazie stabilizacji, ale ceny dzia\u0142ek ci\u0105gle rosn\u0105\" class=\"wpr-anim-timing-ease-default\"><\/div><div class=\"wpr-grid-media-hover wpr-animation-wrap\"><div class=\"wpr-grid-media-hover-bg  wpr-overlay-fade-in wpr-anim-size-large wpr-anim-timing-ease-default wpr-anim-transparency\" data-url=\"https:\/\/wszystkoogruntach.pl\/index.php\/2026\/04\/10\/rynek-gruntow-budowlanych-w-fazie-stabilizacji-ale-ceny-dzialek-ciagle-rosna\/\"><\/div><\/div><\/div><div class=\"wpr-grid-item-below-content elementor-clearfix\"><h2 class=\"wpr-grid-item-title elementor-repeater-item-d3e1031 wpr-grid-item-display-block wpr-grid-item-align-left wpr-pointer-none wpr-pointer-line-fx wpr-pointer-fx-fade\"><div class=\"inner-block\"><a target=\"_self\"  href=\"https:\/\/wszystkoogruntach.pl\/index.php\/2026\/04\/10\/rynek-gruntow-budowlanych-w-fazie-stabilizacji-ale-ceny-dzialek-ciagle-rosna\/\">Rynek grunt\u00f3w budowlanych w fazie stabilizacji, ale ceny dzia\u0142ek ci\u0105gle rosn\u0105<\/a><\/div><\/h2><div class=\"wpr-grid-item-date elementor-repeater-item-08c5ad7 wpr-grid-item-display-inline wpr-grid-item-align-left\"><div class=\"inner-block\"><span>2026-04-10<span class=\"wpr-grid-extra-text-right\">\/<\/span><\/span><\/div><\/div><div class=\"wpr-grid-item-category elementor-repeater-item-0de4076 wpr-grid-item-display-block wpr-grid-item-align-left wpr-pointer-none wpr-pointer-line-fx wpr-pointer-fx-fade wpr-grid-tax-style-1\"><div class=\"inner-block\"><a class=\" wpr-tax-id-1\" href=\"https:\/\/wszystkoogruntach.pl\/index.php\/category\/znalezione-w-sieci\/\">znalezione w sieci<\/a><\/div><\/div><div class=\"wpr-grid-item-excerpt elementor-repeater-item-82a8a5b wpr-grid-item-display-block wpr-grid-item-align-left\"><div class=\"inner-block\"><p>Rynek grunt\u00f3w budowlanych w fazie stabilizacji, ale ceny dzia\u0142ek ci\u0105gle rosn\u0105 \u0179r\u00f3d\u0142o artyku\u0142u: Obserwator Gospodarczy z dnia: 12 maja 2025autor:\u00a0 Filip Lama\u0144ski Rynek grunt\u00f3w budowlanych w...<\/p><\/div><\/div><div class=\"wpr-grid-item-read-more elementor-repeater-item-f476104 wpr-grid-item-display-block wpr-grid-item-align-left\"><div class=\"inner-block\"><a target=\"_self\" href=\"https:\/\/wszystkoogruntach.pl\/index.php\/2026\/04\/10\/rynek-gruntow-budowlanych-w-fazie-stabilizacji-ale-ceny-dzialek-ciagle-rosna\/\" class=\"wpr-button-effect wpr-button-none\"><span>Czytaj dalej...<\/span><\/a><\/div><\/div><\/div><\/div><\/article><article class=\"wpr-grid-item elementor-clearfix post-2229 post type-post status-publish format-standard has-post-thumbnail hentry category-znalezione-w-sieci\"><div class=\"wpr-grid-item-inner\"><div class=\"wpr-grid-media-wrap wpr-effect-size-medium \" data-overlay-link=\"yes\"><div class=\"wpr-grid-image-wrap\" data-src=\"https:\/\/wszystkoogruntach.pl\/wp-content\/uploads\/2026\/03\/stowarzyszenie-2026-03-31T093227.867.png\" data-img-on-hover=\"\"  data-src-secondary=\"\"><img decoding=\"async\" data-no-lazy=\"1\" src=\"https:\/\/wszystkoogruntach.pl\/wp-content\/uploads\/2026\/03\/stowarzyszenie-2026-03-31T093227.867.png\" alt=\"Status dzia\u0142ki ulegnie zmianie dopiero po 7 latach. Nowe przepisy dla w\u0142a\u015bcicieli grunt\u00f3w\" class=\"wpr-anim-timing-ease-default\"><\/div><div class=\"wpr-grid-media-hover wpr-animation-wrap\"><div class=\"wpr-grid-media-hover-bg  wpr-overlay-fade-in wpr-anim-size-large wpr-anim-timing-ease-default wpr-anim-transparency\" data-url=\"https:\/\/wszystkoogruntach.pl\/index.php\/2026\/03\/31\/status-dzialki-ulegnie-zmianie-dopiero-po-7-latach-nowe-przepisy-dla-wlascicieli-gruntow\/\"><\/div><\/div><\/div><div class=\"wpr-grid-item-below-content elementor-clearfix\"><h2 class=\"wpr-grid-item-title elementor-repeater-item-d3e1031 wpr-grid-item-display-block wpr-grid-item-align-left wpr-pointer-none wpr-pointer-line-fx wpr-pointer-fx-fade\"><div class=\"inner-block\"><a target=\"_self\"  href=\"https:\/\/wszystkoogruntach.pl\/index.php\/2026\/03\/31\/status-dzialki-ulegnie-zmianie-dopiero-po-7-latach-nowe-przepisy-dla-wlascicieli-gruntow\/\">Status dzia\u0142ki ulegnie zmianie dopiero po 7 latach. Nowe przepisy dla w\u0142a\u015bcicieli grunt\u00f3w<\/a><\/div><\/h2><div class=\"wpr-grid-item-date elementor-repeater-item-08c5ad7 wpr-grid-item-display-inline wpr-grid-item-align-left\"><div class=\"inner-block\"><span>2026-03-31<span class=\"wpr-grid-extra-text-right\">\/<\/span><\/span><\/div><\/div><div class=\"wpr-grid-item-category elementor-repeater-item-0de4076 wpr-grid-item-display-block wpr-grid-item-align-left wpr-pointer-none wpr-pointer-line-fx wpr-pointer-fx-fade wpr-grid-tax-style-1\"><div class=\"inner-block\"><a class=\" wpr-tax-id-1\" href=\"https:\/\/wszystkoogruntach.pl\/index.php\/category\/znalezione-w-sieci\/\">znalezione w sieci<\/a><\/div><\/div><div class=\"wpr-grid-item-excerpt elementor-repeater-item-82a8a5b wpr-grid-item-display-block wpr-grid-item-align-left\"><div class=\"inner-block\"><p>Status dzia\u0142ki ulegnie zmianie dopiero po 7 latach. Nowe przepisy dla w\u0142a\u015bcicieli grunt\u00f3w \u0179r\u00f3d\u0142o artyku\u0142u: Portal Samorz\u0105dowy z dnia: 20 marca 2026autor:\u00a0 oprac. AT\/PAP Sejm uchwali\u0142...<\/p><\/div><\/div><div class=\"wpr-grid-item-read-more elementor-repeater-item-f476104 wpr-grid-item-display-block wpr-grid-item-align-left\"><div class=\"inner-block\"><a target=\"_self\" href=\"https:\/\/wszystkoogruntach.pl\/index.php\/2026\/03\/31\/status-dzialki-ulegnie-zmianie-dopiero-po-7-latach-nowe-przepisy-dla-wlascicieli-gruntow\/\" class=\"wpr-button-effect wpr-button-none\"><span>Czytaj dalej...<\/span><\/a><\/div><\/div><\/div><\/div><\/article><article class=\"wpr-grid-item elementor-clearfix post-2191 post type-post status-publish format-standard has-post-thumbnail hentry category-znalezione-w-sieci\"><div class=\"wpr-grid-item-inner\"><div class=\"wpr-grid-media-wrap wpr-effect-size-medium \" data-overlay-link=\"yes\"><div class=\"wpr-grid-image-wrap\" data-src=\"https:\/\/wszystkoogruntach.pl\/wp-content\/uploads\/2026\/03\/stowarzyszenie-2026-03-20T085341.659.png\" data-img-on-hover=\"\"  data-src-secondary=\"\"><img decoding=\"async\" data-no-lazy=\"1\" src=\"https:\/\/wszystkoogruntach.pl\/wp-content\/uploads\/2026\/03\/stowarzyszenie-2026-03-20T085341.659.png\" alt=\"Rewolucja na rynku grunt\u00f3w budowlanych. Nowe czynniki decyduj\u0105 o warto\u015bci\" class=\"wpr-anim-timing-ease-default\"><\/div><div class=\"wpr-grid-media-hover wpr-animation-wrap\"><div class=\"wpr-grid-media-hover-bg  wpr-overlay-fade-in wpr-anim-size-large wpr-anim-timing-ease-default wpr-anim-transparency\" data-url=\"https:\/\/wszystkoogruntach.pl\/index.php\/2026\/03\/20\/rewolucja-na-rynku-gruntow-budowlanych-nowe-czynniki-decyduja-o-wartosci\/\"><\/div><\/div><\/div><div class=\"wpr-grid-item-below-content elementor-clearfix\"><h2 class=\"wpr-grid-item-title elementor-repeater-item-d3e1031 wpr-grid-item-display-block wpr-grid-item-align-left wpr-pointer-none wpr-pointer-line-fx wpr-pointer-fx-fade\"><div class=\"inner-block\"><a target=\"_self\"  href=\"https:\/\/wszystkoogruntach.pl\/index.php\/2026\/03\/20\/rewolucja-na-rynku-gruntow-budowlanych-nowe-czynniki-decyduja-o-wartosci\/\">Rewolucja na rynku grunt\u00f3w budowlanych. Nowe czynniki decyduj\u0105 o warto\u015bci<\/a><\/div><\/h2><div class=\"wpr-grid-item-date elementor-repeater-item-08c5ad7 wpr-grid-item-display-inline wpr-grid-item-align-left\"><div class=\"inner-block\"><span>2026-03-20<span class=\"wpr-grid-extra-text-right\">\/<\/span><\/span><\/div><\/div><div class=\"wpr-grid-item-category elementor-repeater-item-0de4076 wpr-grid-item-display-block wpr-grid-item-align-left wpr-pointer-none wpr-pointer-line-fx wpr-pointer-fx-fade wpr-grid-tax-style-1\"><div class=\"inner-block\"><a class=\" wpr-tax-id-1\" href=\"https:\/\/wszystkoogruntach.pl\/index.php\/category\/znalezione-w-sieci\/\">znalezione w sieci<\/a><\/div><\/div><div class=\"wpr-grid-item-excerpt elementor-repeater-item-82a8a5b wpr-grid-item-display-block wpr-grid-item-align-left\"><div class=\"inner-block\"><p>Rewolucja na rynku grunt\u00f3w budowlanych. Nowe czynniki decyduj\u0105 o warto\u015bci \u0179r\u00f3d\u0142o artyku\u0142u: Salon24 z dnia: 12 marca 2026autor: Redakcja Rynek grunt\u00f3w inwestycyjnych w Polsce przechodzi wyra\u017an\u0105...<\/p><\/div><\/div><div class=\"wpr-grid-item-read-more elementor-repeater-item-f476104 wpr-grid-item-display-block wpr-grid-item-align-left\"><div class=\"inner-block\"><a target=\"_self\" href=\"https:\/\/wszystkoogruntach.pl\/index.php\/2026\/03\/20\/rewolucja-na-rynku-gruntow-budowlanych-nowe-czynniki-decyduja-o-wartosci\/\" class=\"wpr-button-effect wpr-button-none\"><span>Czytaj dalej...<\/span><\/a><\/div><\/div><\/div><\/div><\/article><\/section><div class=\"wpr-grid-pagination elementor-clearfix wpr-grid-pagination-load-more\" data-pages=\"6\"><a href=\"https:\/\/wszystkoogruntach.pl\/index.php\/wp-json\/wp\/v2\/pages\/311\/page\/2\/\" class=\"wpr-load-more-btn\" data-e-disable-page-transition >Za\u0142aduj wi\u0119cej<\/a><div class=\"wpr-pagination-loading\"><div class=\"wpr-double-bounce\"><div class=\"wpr-child wpr-double-bounce1\"><\/div><div class=\"wpr-child wpr-double-bounce2\"><\/div><\/div><\/div><p class=\"wpr-pagination-finish\">Koniec.<\/p><\/div>\t\t\t\t<\/div>\n\t\t\t\t\t<\/div>\n\t\t<\/div>\n\t\t\t\t\t<\/div>\n\t\t<\/section>\n\t\t<div class=\"elementor-element elementor-element-e60854f e-flex e-con-boxed wpr-particle-no wpr-sticky-section-no e-con e-parent\" data-id=\"e60854f\" data-element_type=\"container\">\n\t\t\t\t\t<div class=\"e-con-inner\">\n\t\t\t\t<div class=\"elementor-element elementor-element-1d4ba02 elementor-hidden-desktop elementor-hidden-tablet elementor-hidden-mobile elementor-widget elementor-widget-image\" data-id=\"1d4ba02\" data-element_type=\"widget\" data-widget_type=\"image.default\">\n\t\t\t\t\t\t\t\t\t\t\t\t\t\t\t<img decoding=\"async\" src=\"https:\/\/wszystkoogruntach.pl\/wp-content\/uploads\/2025\/11\/Green-Dark-Gray-Minimalist-Business-Leaderboard-Ad-1.png\" title=\"\" alt=\"\" loading=\"lazy\" \/>\t\t\t\t\t\t\t\t\t\t\t\t\t\t\t<\/div>\n\t\t\t\t\t<\/div>\n\t\t\t\t<\/div>\n\t\t\t\t<\/div>\n\t\t","protected":false},"excerpt":{"rendered":"<p>Znalezione w sieci More than 2 results are available in the PRO version (This notice is only visible to admin users) Rynek dzia\u0142ek si\u0119 odwraca. W\u0142a\u015bciciele mog\u0105 zyska\u0107 2026-03-11\/znalezione w sieci Rynek dzia\u0142ek si\u0119 odwraca. W\u0142a\u015bciciele mog\u0105 zyska\u0107 \u0179r\u00f3d\u0142o artyku\u0142u: Og\u0142oszenia Tr\u00f3jmiasto z dnia: 10 marca 2026autor: Jacek Markowski Jeszcze kilka lat temu wiele dzia\u0142ek na obrze\u017cach&#8230; Czytaj dalej&#8230; Nowe definicje w Prawie budowlanym 2026. Poj\u0119cie budynku nabra\u0142o wielu nowych znacze\u0144, wiadomo te\u017c jak odr\u00f3\u017cni\u0107 zabudow\u0119 jednorodzinn\u0105 od zagrodowej.&hellip; 2026-03-09\/znalezione w sieci Nowe definicje w Prawie budowlanym 2026. Poj\u0119cie budynku nabra\u0142o wielu nowych znacze\u0144, wiadomo te\u017c jak odr\u00f3\u017cni\u0107 zabudow\u0119 jednorodzinn\u0105 od zagrodowej. Zmiany od 20 wrze\u015bnia \u0179r\u00f3d\u0142o artyku\u0142u:&#8230; Czytaj dalej&#8230; Nowe prawo budowlane. S\u0105siad ma prawo wkroczy\u0107 na nasz\u0105 dzia\u0142k\u0119 2026-03-06\/znalezione w sieci Nowe prawo budowlane. S\u0105siad ma prawo wkroczy\u0107 na nasz\u0105 dzia\u0142k\u0119 \u0179r\u00f3d\u0142o artyku\u0142u: SuperBiznes z dnia: 6 marca 2026autor: Adrianna Ewa Stawska-Ostaszewska, Marta Kowalska Od 27 lutego&#8230; Czytaj dalej&#8230; Za\u0142aduj wi\u0119cej Koniec.<\/p>\n","protected":false},"author":2,"featured_media":0,"parent":0,"menu_order":0,"comment_status":"closed","ping_status":"closed","template":"","meta":{"site-sidebar-layout":"no-sidebar","site-content-layout":"","ast-site-content-layout":"full-width-container","site-content-style":"default","site-sidebar-style":"default","ast-global-header-display":"","ast-banner-title-visibility":"","ast-main-header-display":"","ast-hfb-above-header-display":"","ast-hfb-below-header-display":"","ast-hfb-mobile-header-display":"","site-post-title":"disabled","ast-breadcrumbs-content":"","ast-featured-img":"disabled","footer-sml-layout":"","ast-disable-related-posts":"","theme-transparent-header-meta":"","adv-header-id-meta":"","stick-header-meta":"","header-above-stick-meta":"","header-main-stick-meta":"","header-below-stick-meta":"","astra-migrate-meta-layouts":"default","ast-page-background-enabled":"default","ast-page-background-meta":{"desktop":{"background-color":"var(--ast-global-color-5)","background-image":"","background-repeat":"repeat","background-position":"center center","background-size":"auto","background-attachment":"scroll","background-type":"","background-media":"","overlay-type":"","overlay-color":"","overlay-opacity":"","overlay-gradient":""},"tablet":{"background-color":"","background-image":"","background-repeat":"repeat","background-position":"center center","background-size":"auto","background-attachment":"scroll","background-type":"","background-media":"","overlay-type":"","overlay-color":"","overlay-opacity":"","overlay-gradient":""},"mobile":{"background-color":"","background-image":"","background-repeat":"repeat","background-position":"center center","background-size":"auto","background-attachment":"scroll","background-type":"","background-media":"","overlay-type":"","overlay-color":"","overlay-opacity":"","overlay-gradient":""}},"ast-content-background-meta":{"desktop":{"background-color":"var(--ast-global-color-4)","background-image":"","background-repeat":"repeat","background-position":"center center","background-size":"auto","background-attachment":"scroll","background-type":"","background-media":"","overlay-type":"","overlay-color":"","overlay-opacity":"","overlay-gradient":""},"tablet":{"background-color":"var(--ast-global-color-4)","background-image":"","background-repeat":"repeat","background-position":"center center","background-size":"auto","background-attachment":"scroll","background-type":"","background-media":"","overlay-type":"","overlay-color":"","overlay-opacity":"","overlay-gradient":""},"mobile":{"background-color":"var(--ast-global-color-4)","background-image":"","background-repeat":"repeat","background-position":"center center","background-size":"auto","background-attachment":"scroll","background-type":"","background-media":"","overlay-type":"","overlay-color":"","overlay-opacity":"","overlay-gradient":""}},"footnotes":""},"class_list":["post-311","page","type-page","status-publish","hentry"],"_links":{"self":[{"href":"https:\/\/wszystkoogruntach.pl\/index.php\/wp-json\/wp\/v2\/pages\/311","targetHints":{"allow":["GET"]}}],"collection":[{"href":"https:\/\/wszystkoogruntach.pl\/index.php\/wp-json\/wp\/v2\/pages"}],"about":[{"href":"https:\/\/wszystkoogruntach.pl\/index.php\/wp-json\/wp\/v2\/types\/page"}],"author":[{"embeddable":true,"href":"https:\/\/wszystkoogruntach.pl\/index.php\/wp-json\/wp\/v2\/users\/2"}],"replies":[{"embeddable":true,"href":"https:\/\/wszystkoogruntach.pl\/index.php\/wp-json\/wp\/v2\/comments?post=311"}],"version-history":[{"count":21,"href":"https:\/\/wszystkoogruntach.pl\/index.php\/wp-json\/wp\/v2\/pages\/311\/revisions"}],"predecessor-version":[{"id":2163,"href":"https:\/\/wszystkoogruntach.pl\/index.php\/wp-json\/wp\/v2\/pages\/311\/revisions\/2163"}],"wp:attachment":[{"href":"https:\/\/wszystkoogruntach.pl\/index.php\/wp-json\/wp\/v2\/media?parent=311"}],"curies":[{"name":"wp","href":"https:\/\/api.w.org\/{rel}","templated":true}]}}