{"id":305,"date":"2025-11-14T14:54:20","date_gmt":"2025-11-14T13:54:20","guid":{"rendered":"https:\/\/wszystkoogruntach.pl\/?page_id=305"},"modified":"2026-03-13T09:38:08","modified_gmt":"2026-03-13T08:38:08","slug":"artykuly","status":"publish","type":"page","link":"https:\/\/wszystkoogruntach.pl\/index.php\/artykuly\/","title":{"rendered":"artyku\u0142y"},"content":{"rendered":"\t\t<div data-elementor-type=\"wp-page\" data-elementor-id=\"305\" class=\"elementor elementor-305\">\n\t\t\t\t<div class=\"elementor-element elementor-element-0f41ef8 e-flex e-con-boxed wpr-particle-no wpr-sticky-section-no e-con e-parent\" data-id=\"0f41ef8\" data-element_type=\"container\">\n\t\t\t\t\t<div class=\"e-con-inner\">\n\t\t\t\t<div class=\"elementor-element elementor-element-c4efe57 elementor-widget__width-initial elementor-widget elementor-widget-heading\" data-id=\"c4efe57\" data-element_type=\"widget\" data-widget_type=\"heading.default\">\n\t\t\t\t\t<h2 class=\"elementor-heading-title elementor-size-default\">Artyku\u0142y<\/h2>\t\t\t\t<\/div>\n\t\t\t\t<div class=\"elementor-element elementor-element-96f254b elementor-widget__width-initial wpr-search-form-style-inner wpr-search-form-position-right elementor-widget elementor-widget-wpr-search\" data-id=\"96f254b\" data-element_type=\"widget\" data-widget_type=\"wpr-search.default\">\n\t\t\t\t\t\n\t\t<form role=\"search\" method=\"get\" class=\"wpr-search-form\" action=\"https:\/\/wszystkoogruntach.pl\">\n\n\t\t\t<div class=\"wpr-search-form-input-wrap elementor-clearfix\">\n\t\t\t\t<input class=\"wpr-search-form-input\" placeholder=\"Wyszukaj to, co Ci\u0119 interesuje...\" aria-label=\"Search\" type=\"search\" name=\"s\" title=\"Search\" value=\"\" wpr-query-type=\"all\" wpr-taxonomy-type=\"\" number-of-results=\"2\" ajax-search=\"\" meta-query=\"\" show-description=\"yes\" number-of-words=\"30\" show-ajax-thumbnails=\"\" show-view-result-btn=\"\" show-product-price=\"no\" view-result-text=\"View Results\" no-results=\"No Results Found\" exclude-without-thumb=\"\" link-target=\"_self\" password-protected=\"no\" attachments=\"no\">\n\t\t\t\t\n\t\t<button class=\"wpr-search-form-submit\" aria-label=\"Search\" type=\"submit\">\n\t\t\t\t\t\t\t<i class=\"fas fa-search\"><\/i>\n\t\t\t\t\t<\/button>\n\n\t\t\t\t\t<\/div>\n\n\t\t\t\t\t<\/form>\n\t\t<div class=\"wpr-data-fetch\">\n\t\t\t<span class=\"wpr-close-search\"><\/span>\n\t\t\t<ul><\/ul>\n\t\t\t\t\t<\/div>\n\t\t\n\t\t\t\t\t\t<\/div>\n\t\t\t\t\t<\/div>\n\t\t\t\t<\/div>\n\t\t<div class=\"elementor-element elementor-element-59e4f01 e-flex e-con-boxed wpr-particle-no wpr-sticky-section-no e-con e-parent\" data-id=\"59e4f01\" data-element_type=\"container\">\n\t\t\t\t\t<div class=\"e-con-inner\">\n\t\t\t\t<div class=\"elementor-element elementor-element-c81c6ec elementor-hidden-desktop elementor-hidden-tablet elementor-hidden-mobile elementor-widget elementor-widget-image\" data-id=\"c81c6ec\" data-element_type=\"widget\" data-widget_type=\"image.default\">\n\t\t\t\t\t\t\t\t\t\t\t\t\t\t\t<img decoding=\"async\" src=\"https:\/\/wszystkoogruntach.pl\/wp-content\/uploads\/2025\/11\/Green-Dark-Gray-Minimalist-Business-Leaderboard-Ad-1.png\" title=\"\" alt=\"\" loading=\"lazy\" \/>\t\t\t\t\t\t\t\t\t\t\t\t\t\t\t<\/div>\n\t\t\t\t\t<\/div>\n\t\t\t\t<\/div>\n\t\t\t\t<section class=\"elementor-section elementor-top-section elementor-element elementor-element-50d2809 elementor-section-boxed elementor-section-height-default elementor-section-height-default wpr-particle-no wpr-sticky-section-no\" data-id=\"50d2809\" data-element_type=\"section\">\n\t\t\t\t\t\t<div class=\"elementor-container elementor-column-gap-default\">\n\t\t\t\t\t<div class=\"elementor-column elementor-col-100 elementor-top-column elementor-element elementor-element-44155b1\" data-id=\"44155b1\" data-element_type=\"column\">\n\t\t\t<div class=\"elementor-widget-wrap elementor-element-populated\">\n\t\t\t\t\t\t<div class=\"elementor-element elementor-element-35abe62 wpr-grid-columns-3 wpr-grid-pagination-justify wpr-grid-columns--tablet2 wpr-grid-columns--mobile1 wpr-item-styles-inner elementor-widget elementor-widget-wpr-grid\" data-id=\"35abe62\" data-element_type=\"widget\" data-widget_type=\"wpr-grid.default\">\n\t\t\t\t\t<ul class=\"wpr-grid-filters elementor-clearfix wpr-grid-filters-sep-right\"><\/ul><section class=\"wpr-grid elementor-clearfix\" data-settings=\"{&quot;layout&quot;:&quot;fitRows&quot;,&quot;stick_last_element_to_bottom&quot;:&quot;&quot;,&quot;columns_desktop&quot;:&quot;3&quot;,&quot;gutter_hr&quot;:30,&quot;gutter_hr_mobile&quot;:30,&quot;gutter_hr_mobile_extra&quot;:30,&quot;gutter_hr_tablet&quot;:30,&quot;gutter_hr_tablet_extra&quot;:30,&quot;gutter_hr_laptop&quot;:30,&quot;gutter_hr_widescreen&quot;:30,&quot;gutter_vr&quot;:30,&quot;gutter_vr_mobile&quot;:30,&quot;gutter_vr_mobile_extra&quot;:30,&quot;gutter_vr_tablet&quot;:30,&quot;gutter_vr_tablet_extra&quot;:30,&quot;gutter_vr_laptop&quot;:30,&quot;gutter_vr_widescreen&quot;:30,&quot;animation&quot;:&quot;default&quot;,&quot;animation_duration&quot;:0.3,&quot;animation_delay&quot;:0.1,&quot;deeplinking&quot;:&quot;&quot;,&quot;filters_linkable&quot;:&quot;no&quot;,&quot;filters_default_filter&quot;:&quot;&quot;,&quot;filters_count&quot;:&quot;&quot;,&quot;filters_hide_empty&quot;:&quot;no&quot;,&quot;filters_animation&quot;:&quot;default&quot;,&quot;filters_animation_duration&quot;:0.3,&quot;filters_animation_delay&quot;:0.1,&quot;pagination_type&quot;:&quot;load-more&quot;,&quot;pagination_max_pages&quot;:3,&quot;lightbox&quot;:{&quot;selector&quot;:&quot;.wpr-grid-image-wrap&quot;,&quot;iframeMaxWidth&quot;:&quot;60%&quot;,&quot;hash&quot;:false,&quot;autoplay&quot;:&quot;true&quot;,&quot;pause&quot;:5000,&quot;progressBar&quot;:&quot;true&quot;,&quot;counter&quot;:&quot;true&quot;,&quot;controls&quot;:&quot;true&quot;,&quot;getCaptionFromTitleOrAlt&quot;:&quot;true&quot;,&quot;thumbnail&quot;:&quot;&quot;,&quot;showThumbByDefault&quot;:&quot;&quot;,&quot;share&quot;:&quot;&quot;,&quot;zoom&quot;:&quot;true&quot;,&quot;fullScreen&quot;:&quot;true&quot;,&quot;download&quot;:&quot;&quot;}}\" data-advanced-filters=\"no\"><article class=\"wpr-grid-item elementor-clearfix post-2281 post type-post status-publish format-standard has-post-thumbnail hentry category-artykuly\"><div class=\"wpr-grid-item-inner\"><div class=\"wpr-grid-media-wrap wpr-effect-size-medium \" data-overlay-link=\"yes\"><div class=\"wpr-grid-image-wrap\" data-src=\"https:\/\/wszystkoogruntach.pl\/wp-content\/uploads\/2026\/04\/16.png\" data-img-on-hover=\"\"  data-src-secondary=\"\"><img decoding=\"async\" data-no-lazy=\"1\" src=\"https:\/\/wszystkoogruntach.pl\/wp-content\/uploads\/2026\/04\/16.png\" alt=\"Czy ziemia zawsze dro\u017ceje? Fakty, mity i to, czego nie wida\u0107 na wykresach\" class=\"wpr-anim-timing-ease-default\"><\/div><div class=\"wpr-grid-media-hover wpr-animation-wrap\"><div class=\"wpr-grid-media-hover-bg  wpr-overlay-fade-in wpr-anim-size-large wpr-anim-timing-ease-default wpr-anim-transparency\" data-url=\"https:\/\/wszystkoogruntach.pl\/index.php\/2026\/04\/17\/czy-ziemia-zawsze-drozeje-fakty-mity-i-to-czego-nie-widac-na-wykresach\/\"><\/div><\/div><\/div><div class=\"wpr-grid-item-below-content elementor-clearfix\"><h2 class=\"wpr-grid-item-title elementor-repeater-item-d3e1031 wpr-grid-item-display-block wpr-grid-item-align-left wpr-pointer-none wpr-pointer-line-fx wpr-pointer-fx-fade\"><div class=\"inner-block\"><a target=\"_self\"  href=\"https:\/\/wszystkoogruntach.pl\/index.php\/2026\/04\/17\/czy-ziemia-zawsze-drozeje-fakty-mity-i-to-czego-nie-widac-na-wykresach\/\">Czy ziemia zawsze dro\u017ceje? Fakty, mity i to, czego nie wida\u0107 na wykresach<\/a><\/div><\/h2><div class=\"wpr-grid-item-date elementor-repeater-item-08c5ad7 wpr-grid-item-display-inline wpr-grid-item-align-left\"><div class=\"inner-block\"><span>2026-04-17<span class=\"wpr-grid-extra-text-right\">\/<\/span><\/span><\/div><\/div><div class=\"wpr-grid-item-category elementor-repeater-item-0de4076 wpr-grid-item-display-block wpr-grid-item-align-left wpr-pointer-none wpr-pointer-line-fx wpr-pointer-fx-fade wpr-grid-tax-style-1\"><div class=\"inner-block\"><a class=\" wpr-tax-id-20\" href=\"https:\/\/wszystkoogruntach.pl\/index.php\/category\/artykuly\/\">artyku\u0142y<\/a><\/div><\/div><div class=\"wpr-grid-item-excerpt elementor-repeater-item-82a8a5b wpr-grid-item-display-block wpr-grid-item-align-left\"><div class=\"inner-block\"><p>Og\u0142oszenie dzia\u0142ki mo\u017ce wygl\u0105da\u0107 dobrze, a mimo to nie dawa\u0107 odpowiedzi na najwa\u017cniejsze pytania. Sprawd\u017a, na co warto zwraca\u0107 uwag\u0119 podczas czytania oferty, aby nie ocenia\u0107...<\/p><\/div><\/div><div class=\"wpr-grid-item-read-more elementor-repeater-item-f476104 wpr-grid-item-display-block wpr-grid-item-align-left\"><div class=\"inner-block\"><a target=\"_self\" href=\"https:\/\/wszystkoogruntach.pl\/index.php\/2026\/04\/17\/czy-ziemia-zawsze-drozeje-fakty-mity-i-to-czego-nie-widac-na-wykresach\/\" class=\"wpr-button-effect wpr-button-none\"><span>Czytaj dalej...<\/span><\/a><\/div><\/div><\/div><\/div><\/article><article class=\"wpr-grid-item elementor-clearfix post-2248 post type-post status-publish format-standard has-post-thumbnail hentry category-artykuly\"><div class=\"wpr-grid-item-inner\"><div class=\"wpr-grid-media-wrap wpr-effect-size-medium \" data-overlay-link=\"yes\"><div class=\"wpr-grid-image-wrap\" data-src=\"https:\/\/wszystkoogruntach.pl\/wp-content\/uploads\/2026\/04\/9.png\" data-img-on-hover=\"\"  data-src-secondary=\"\"><img decoding=\"async\" data-no-lazy=\"1\" src=\"https:\/\/wszystkoogruntach.pl\/wp-content\/uploads\/2026\/04\/9.png\" alt=\"Dlaczego nie dzwoni telefon \u2013 5 powod\u00f3w, kt\u00f3re blokuj\u0105 sprzeda\u017c dzia\u0142ki\" class=\"wpr-anim-timing-ease-default\"><\/div><div class=\"wpr-grid-media-hover wpr-animation-wrap\"><div class=\"wpr-grid-media-hover-bg  wpr-overlay-fade-in wpr-anim-size-large wpr-anim-timing-ease-default wpr-anim-transparency\" data-url=\"https:\/\/wszystkoogruntach.pl\/index.php\/2026\/04\/07\/dlaczego-nie-dzwoni-telefon-5-powodow-ktore-blokuja-sprzedaz-dzialki\/\"><\/div><\/div><\/div><div class=\"wpr-grid-item-below-content elementor-clearfix\"><h2 class=\"wpr-grid-item-title elementor-repeater-item-d3e1031 wpr-grid-item-display-block wpr-grid-item-align-left wpr-pointer-none wpr-pointer-line-fx wpr-pointer-fx-fade\"><div class=\"inner-block\"><a target=\"_self\"  href=\"https:\/\/wszystkoogruntach.pl\/index.php\/2026\/04\/07\/dlaczego-nie-dzwoni-telefon-5-powodow-ktore-blokuja-sprzedaz-dzialki\/\">Dlaczego nie dzwoni telefon \u2013 5 powod\u00f3w, kt\u00f3re blokuj\u0105 sprzeda\u017c dzia\u0142ki<\/a><\/div><\/h2><div class=\"wpr-grid-item-date elementor-repeater-item-08c5ad7 wpr-grid-item-display-inline wpr-grid-item-align-left\"><div class=\"inner-block\"><span>2026-04-07<span class=\"wpr-grid-extra-text-right\">\/<\/span><\/span><\/div><\/div><div class=\"wpr-grid-item-category elementor-repeater-item-0de4076 wpr-grid-item-display-block wpr-grid-item-align-left wpr-pointer-none wpr-pointer-line-fx wpr-pointer-fx-fade wpr-grid-tax-style-1\"><div class=\"inner-block\"><a class=\" wpr-tax-id-20\" href=\"https:\/\/wszystkoogruntach.pl\/index.php\/category\/artykuly\/\">artyku\u0142y<\/a><\/div><\/div><div class=\"wpr-grid-item-excerpt elementor-repeater-item-82a8a5b wpr-grid-item-display-block wpr-grid-item-align-left\"><div class=\"inner-block\"><p>Og\u0142oszenie dzia\u0142ki mo\u017ce wygl\u0105da\u0107 dobrze, a mimo to nie dawa\u0107 odpowiedzi na najwa\u017cniejsze pytania. Sprawd\u017a, na co warto zwraca\u0107 uwag\u0119 podczas czytania oferty, aby nie ocenia\u0107...<\/p><\/div><\/div><div class=\"wpr-grid-item-read-more elementor-repeater-item-f476104 wpr-grid-item-display-block wpr-grid-item-align-left\"><div class=\"inner-block\"><a target=\"_self\" href=\"https:\/\/wszystkoogruntach.pl\/index.php\/2026\/04\/07\/dlaczego-nie-dzwoni-telefon-5-powodow-ktore-blokuja-sprzedaz-dzialki\/\" class=\"wpr-button-effect wpr-button-none\"><span>Czytaj dalej...<\/span><\/a><\/div><\/div><\/div><\/div><\/article><article class=\"wpr-grid-item elementor-clearfix post-2215 post type-post status-publish format-standard has-post-thumbnail hentry category-artykuly\"><div class=\"wpr-grid-item-inner\"><div class=\"wpr-grid-media-wrap wpr-effect-size-medium \" data-overlay-link=\"yes\"><div class=\"wpr-grid-image-wrap\" data-src=\"https:\/\/wszystkoogruntach.pl\/wp-content\/uploads\/2026\/03\/post_WOG_INSTA_27_03_26-1.png\" data-img-on-hover=\"\"  data-src-secondary=\"\"><img decoding=\"async\" data-no-lazy=\"1\" src=\"https:\/\/wszystkoogruntach.pl\/wp-content\/uploads\/2026\/03\/post_WOG_INSTA_27_03_26-1.png\" alt=\"Jak czyta\u0107 og\u0142oszenie dzia\u0142ki, \u017ceby nie przeoczy\u0107 rzeczy naprawd\u0119\" class=\"wpr-anim-timing-ease-default\"><\/div><div class=\"wpr-grid-media-hover wpr-animation-wrap\"><div class=\"wpr-grid-media-hover-bg  wpr-overlay-fade-in wpr-anim-size-large wpr-anim-timing-ease-default wpr-anim-transparency\" data-url=\"https:\/\/wszystkoogruntach.pl\/index.php\/2026\/03\/27\/jak-czytac-ogloszenie-dzialki-zeby-nie-przeoczyc-rzeczy-naprawde\/\"><\/div><\/div><\/div><div class=\"wpr-grid-item-below-content elementor-clearfix\"><h2 class=\"wpr-grid-item-title elementor-repeater-item-d3e1031 wpr-grid-item-display-block wpr-grid-item-align-left wpr-pointer-none wpr-pointer-line-fx wpr-pointer-fx-fade\"><div class=\"inner-block\"><a target=\"_self\"  href=\"https:\/\/wszystkoogruntach.pl\/index.php\/2026\/03\/27\/jak-czytac-ogloszenie-dzialki-zeby-nie-przeoczyc-rzeczy-naprawde\/\">Jak czyta\u0107 og\u0142oszenie dzia\u0142ki, \u017ceby nie przeoczy\u0107 rzeczy naprawd\u0119<\/a><\/div><\/h2><div class=\"wpr-grid-item-date elementor-repeater-item-08c5ad7 wpr-grid-item-display-inline wpr-grid-item-align-left\"><div class=\"inner-block\"><span>2026-03-27<span class=\"wpr-grid-extra-text-right\">\/<\/span><\/span><\/div><\/div><div class=\"wpr-grid-item-category elementor-repeater-item-0de4076 wpr-grid-item-display-block wpr-grid-item-align-left wpr-pointer-none wpr-pointer-line-fx wpr-pointer-fx-fade wpr-grid-tax-style-1\"><div class=\"inner-block\"><a class=\" wpr-tax-id-20\" href=\"https:\/\/wszystkoogruntach.pl\/index.php\/category\/artykuly\/\">artyku\u0142y<\/a><\/div><\/div><div class=\"wpr-grid-item-excerpt elementor-repeater-item-82a8a5b wpr-grid-item-display-block wpr-grid-item-align-left\"><div class=\"inner-block\"><p>Og\u0142oszenie dzia\u0142ki mo\u017ce wygl\u0105da\u0107 dobrze, a mimo to nie dawa\u0107 odpowiedzi na najwa\u017cniejsze pytania. Sprawd\u017a, na co warto zwraca\u0107 uwag\u0119 podczas czytania oferty, aby nie ocenia\u0107...<\/p><\/div><\/div><div class=\"wpr-grid-item-read-more elementor-repeater-item-f476104 wpr-grid-item-display-block wpr-grid-item-align-left\"><div class=\"inner-block\"><a target=\"_self\" href=\"https:\/\/wszystkoogruntach.pl\/index.php\/2026\/03\/27\/jak-czytac-ogloszenie-dzialki-zeby-nie-przeoczyc-rzeczy-naprawde\/\" class=\"wpr-button-effect wpr-button-none\"><span>Czytaj dalej...<\/span><\/a><\/div><\/div><\/div><\/div><\/article><\/section><div class=\"wpr-grid-pagination elementor-clearfix wpr-grid-pagination-load-more\" data-pages=\"3\"><a href=\"https:\/\/wszystkoogruntach.pl\/index.php\/wp-json\/wp\/v2\/pages\/305\/page\/2\/\" class=\"wpr-load-more-btn\" data-e-disable-page-transition >Za\u0142aduj wi\u0119cej<\/a><div class=\"wpr-pagination-loading\"><div class=\"wpr-double-bounce\"><div class=\"wpr-child wpr-double-bounce1\"><\/div><div class=\"wpr-child wpr-double-bounce2\"><\/div><\/div><\/div><p class=\"wpr-pagination-finish\">Koniec.<\/p><\/div>\t\t\t\t<\/div>\n\t\t\t\t\t<\/div>\n\t\t<\/div>\n\t\t\t\t\t<\/div>\n\t\t<\/section>\n\t\t<div class=\"elementor-element elementor-element-0db0fc6 e-flex e-con-boxed wpr-particle-no wpr-sticky-section-no e-con e-parent\" data-id=\"0db0fc6\" data-element_type=\"container\">\n\t\t\t\t\t<div class=\"e-con-inner\">\n\t\t\t\t<div class=\"elementor-element elementor-element-8e59149 elementor-hidden-desktop elementor-hidden-tablet elementor-hidden-mobile elementor-widget elementor-widget-image\" data-id=\"8e59149\" data-element_type=\"widget\" data-widget_type=\"image.default\">\n\t\t\t\t\t\t\t\t\t\t\t\t\t\t\t<img decoding=\"async\" src=\"https:\/\/wszystkoogruntach.pl\/wp-content\/uploads\/2025\/11\/Green-Dark-Gray-Minimalist-Business-Leaderboard-Ad-1.png\" title=\"\" alt=\"\" loading=\"lazy\" \/>\t\t\t\t\t\t\t\t\t\t\t\t\t\t\t<\/div>\n\t\t\t\t\t<\/div>\n\t\t\t\t<\/div>\n\t\t\t\t<\/div>\n\t\t","protected":false},"excerpt":{"rendered":"<p>Artyku\u0142y More than 2 results are available in the PRO version (This notice is only visible to admin users) Dobre og\u0142oszenie dzia\u0142ki to nie detal. To cz\u0119\u015b\u0107 skutecznej sprzeda\u017cy 2026-03-12\/artyku\u0142y Dobrze przygotowane og\u0142oszenie dzia\u0142ki buduje zaufanie, porz\u0105dkuje informacje i zwi\u0119ksza szans\u0119 na warto\u015bciowy kontakt z kupuj\u0105cym. W tym artykule pokazujemy, dlaczego jako\u015b\u0107 opisu, zdj\u0119\u0107 i danych&#8230; Czytaj dalej&#8230; Samorz\u0105dy i gminy \u2013 \u201ereforma z zegarkiem przy gardle\u201d 2025-12-09\/artyku\u0142y Samorz\u0105dy i gminy \u2013 \u201ereforma z zegarkiem przy gardle\u201d Wprowadzenie plan\u00f3w og\u00f3lnych gmin ustawi\u0142o samorz\u0105dy w roli g\u0142\u00f3wnego wykonawcy reformy, ale bez kompletu narz\u0119dzi i czasu&#8230;. Czytaj dalej&#8230; Reakcja w\u0142a\u015bcicieli grunt\u00f3w na ustaw\u0119 o planach og\u00f3lnych 2025-12-09\/artyku\u0142y Reakcja w\u0142a\u015bcicieli grunt\u00f3w na ustaw\u0119 o planach og\u00f3lnych Strach przed \u201epapierowym wyw\u0142aszczeniem\u201d i utrat\u0105 warto\u015bci dzia\u0142ek Wprowadzenie plan\u00f3w og\u00f3lnych gmin, jako nowego filaru systemu planowania przestrzennego,&#8230; Czytaj dalej&#8230;<\/p>\n","protected":false},"author":2,"featured_media":0,"parent":0,"menu_order":0,"comment_status":"closed","ping_status":"closed","template":"","meta":{"site-sidebar-layout":"no-sidebar","site-content-layout":"","ast-site-content-layout":"full-width-container","site-content-style":"default","site-sidebar-style":"default","ast-global-header-display":"","ast-banner-title-visibility":"","ast-main-header-display":"","ast-hfb-above-header-display":"","ast-hfb-below-header-display":"","ast-hfb-mobile-header-display":"","site-post-title":"disabled","ast-breadcrumbs-content":"","ast-featured-img":"disabled","footer-sml-layout":"","ast-disable-related-posts":"","theme-transparent-header-meta":"","adv-header-id-meta":"","stick-header-meta":"","header-above-stick-meta":"","header-main-stick-meta":"","header-below-stick-meta":"","astra-migrate-meta-layouts":"default","ast-page-background-enabled":"default","ast-page-background-meta":{"desktop":{"background-color":"var(--ast-global-color-5)","background-image":"","background-repeat":"repeat","background-position":"center center","background-size":"auto","background-attachment":"scroll","background-type":"","background-media":"","overlay-type":"","overlay-color":"","overlay-opacity":"","overlay-gradient":""},"tablet":{"background-color":"","background-image":"","background-repeat":"repeat","background-position":"center center","background-size":"auto","background-attachment":"scroll","background-type":"","background-media":"","overlay-type":"","overlay-color":"","overlay-opacity":"","overlay-gradient":""},"mobile":{"background-color":"","background-image":"","background-repeat":"repeat","background-position":"center center","background-size":"auto","background-attachment":"scroll","background-type":"","background-media":"","overlay-type":"","overlay-color":"","overlay-opacity":"","overlay-gradient":""}},"ast-content-background-meta":{"desktop":{"background-color":"var(--ast-global-color-4)","background-image":"","background-repeat":"repeat","background-position":"center center","background-size":"auto","background-attachment":"scroll","background-type":"","background-media":"","overlay-type":"","overlay-color":"","overlay-opacity":"","overlay-gradient":""},"tablet":{"background-color":"var(--ast-global-color-4)","background-image":"","background-repeat":"repeat","background-position":"center center","background-size":"auto","background-attachment":"scroll","background-type":"","background-media":"","overlay-type":"","overlay-color":"","overlay-opacity":"","overlay-gradient":""},"mobile":{"background-color":"var(--ast-global-color-4)","background-image":"","background-repeat":"repeat","background-position":"center center","background-size":"auto","background-attachment":"scroll","background-type":"","background-media":"","overlay-type":"","overlay-color":"","overlay-opacity":"","overlay-gradient":""}},"footnotes":""},"class_list":["post-305","page","type-page","status-publish","hentry"],"_links":{"self":[{"href":"https:\/\/wszystkoogruntach.pl\/index.php\/wp-json\/wp\/v2\/pages\/305","targetHints":{"allow":["GET"]}}],"collection":[{"href":"https:\/\/wszystkoogruntach.pl\/index.php\/wp-json\/wp\/v2\/pages"}],"about":[{"href":"https:\/\/wszystkoogruntach.pl\/index.php\/wp-json\/wp\/v2\/types\/page"}],"author":[{"embeddable":true,"href":"https:\/\/wszystkoogruntach.pl\/index.php\/wp-json\/wp\/v2\/users\/2"}],"replies":[{"embeddable":true,"href":"https:\/\/wszystkoogruntach.pl\/index.php\/wp-json\/wp\/v2\/comments?post=305"}],"version-history":[{"count":31,"href":"https:\/\/wszystkoogruntach.pl\/index.php\/wp-json\/wp\/v2\/pages\/305\/revisions"}],"predecessor-version":[{"id":2160,"href":"https:\/\/wszystkoogruntach.pl\/index.php\/wp-json\/wp\/v2\/pages\/305\/revisions\/2160"}],"wp:attachment":[{"href":"https:\/\/wszystkoogruntach.pl\/index.php\/wp-json\/wp\/v2\/media?parent=305"}],"curies":[{"name":"wp","href":"https:\/\/api.w.org\/{rel}","templated":true}]}}